 {"id":195,"date":"2021-12-09T15:35:52","date_gmt":"2021-12-09T13:35:52","guid":{"rendered":"https:\/\/cattanweb.ro\/?page_id=195"},"modified":"2022-10-13T18:28:24","modified_gmt":"2022-10-13T15:28:24","slug":"articole","status":"publish","type":"page","link":"https:\/\/cattanweb.ro\/en\/articles\/","title":{"rendered":"Blog"},"content":{"rendered":"<div data-elementor-type=\"wp-page\" data-elementor-id=\"195\" class=\"elementor elementor-195\" data-elementor-post-type=\"page\">\n\t\t\t\t\t\t<section class=\"elementor-section elementor-top-section elementor-element elementor-element-479bac43 elementor-section-height-min-height elementor-section-content-middle elementor-section-boxed elementor-section-height-default elementor-section-items-middle\" data-id=\"479bac43\" data-element_type=\"section\" data-e-type=\"section\" data-settings=\"{&quot;background_background&quot;:&quot;classic&quot;,&quot;jet_parallax_layout_list&quot;:[],&quot;ekit_has_onepagescroll_dot&quot;:&quot;yes&quot;}\">\n\t\t\t\t\t\t<div class=\"elementor-container elementor-column-gap-default\">\n\t\t\t\t\t<div class=\"elementor-column elementor-col-50 elementor-top-column elementor-element elementor-element-168e02a9 elementor-hidden-phone elementor-hidden-tablet\" data-id=\"168e02a9\" data-element_type=\"column\" data-e-type=\"column\">\n\t\t\t<div class=\"elementor-widget-wrap elementor-element-populated\">\n\t\t\t\t\t\t<div class=\"elementor-element elementor-element-d5c5e75 elementor-widget elementor-widget-elementskit-social-media\" data-id=\"d5c5e75\" data-element_type=\"widget\" data-e-type=\"widget\" data-settings=\"{&quot;ekit_we_effect_on&quot;:&quot;none&quot;}\" data-widget_type=\"elementskit-social-media.default\">\n\t\t\t\t<div class=\"elementor-widget-container\">\n\t\t\t\t\t<div class=\"ekit-wid-con\" >\t\t\t <ul class=\"ekit_social_media\">\n\t\t\t\t\t\t\t\t\t\t\t\t\t\t<li class=\"elementor-repeater-item-20e267b\">\n\t\t\t\t\t    <a\n\t\t\t\t\t\thref=\"https:\/\/www.facebook.com\/CATTANweb.ro\/\" target=\"_blank\" aria-label=\"facebook\" class=\"2\"  rel=\"noopener noreferrer nofollow\">\n\t\t\t\t\t\t\t                                                        \n\t\t\t\t\t\t\t<i aria-hidden=\"true\" class=\"icon icon-facebook-2\"><\/i>\n                                                    <\/a>\n                    <\/li>\n                    \t\t\t\t\t\t\t\t\t\t\t\t\t\t<li class=\"elementor-repeater-item-d474bdd\">\n\t\t\t\t\t    <a\n\t\t\t\t\t\thref=\"https:\/\/www.instagram.com\/cattanweb.ro\/\" target=\"_blank\" aria-label=\"instagram\" class=\"1\"  rel=\"noopener noreferrer nofollow\">\n\t\t\t\t\t\t\t                                                        \n\t\t\t\t\t\t\t<i aria-hidden=\"true\" class=\"icon icon-instagram-1\"><\/i>\n                                                    <\/a>\n                    <\/li>\n                    \t\t\t\t\t\t\t\t\t\t\t\t\t\t<li class=\"elementor-repeater-item-5303620\">\n\t\t\t\t\t    <a\n\t\t\t\t\t\thref=\"https:\/\/www.linkedin.com\/company\/cattanweb-ro\/\" target=\"_blank\" aria-label=\"LinkedIn\" class=\"linkedin\"  rel=\"noopener noreferrer nofollow\">\n\t\t\t\t\t\t\t                                                        \n\t\t\t\t\t\t\t<i aria-hidden=\"true\" class=\"fab fa-linkedin\"><\/i>\n                                                    <\/a>\n                    <\/li>\n                    \t\t\t\t\t\t\t\t\t\t\t\t\t\t<li class=\"elementor-repeater-item-9a992fe\">\n\t\t\t\t\t    <a\n\t\t\t\t\t\thref=\"https:\/\/g.page\/r\/CW9Pc0ZCKDD4EAE\" target=\"_blank\" aria-label=\"google\" class=\"google\"  rel=\"noopener noreferrer nofollow\">\n\t\t\t\t\t\t\t                                                        \n\t\t\t\t\t\t\t<i aria-hidden=\"true\" class=\"fab fa-google\"><\/i>\n                                                    <\/a>\n                    <\/li>\n                    \t\t\t\t\t\t\t\t\t\t\t\t\t\t<li class=\"elementor-repeater-item-936d7e6\">\n\t\t\t\t\t    <a\n\t\t\t\t\t\thref=\"https:\/\/www.youtube.com\/channel\/UC1RG8cuq2TJButtu9cpyFSw\" target=\"_blank\" aria-label=\"YT\" class=\"youtube\"  rel=\"noopener noreferrer nofollow\">\n\t\t\t\t\t\t\t                                                        \n\t\t\t\t\t\t\t<i aria-hidden=\"true\" class=\"fab fa-youtube\"><\/i>\n                                                    <\/a>\n                    <\/li>\n                    \t\t\t\t\t\t\t\t\t\t\t\t\t\t<li class=\"elementor-repeater-item-054e7b0\">\n\t\t\t\t\t    <a\n\t\t\t\t\t\thref=\"mailto:contact@cattanweb.ro\" aria-label=\"e-mail\" class=\"email\" >\n\t\t\t\t\t\t\t                                                        \n\t\t\t\t\t\t\t<i aria-hidden=\"true\" class=\"icon icon-email\"><\/i>\n                                                    <\/a>\n                    <\/li>\n                    \t\t\t\t\t\t\t<\/ul>\n\t\t<\/div>\t\t\t\t<\/div>\n\t\t\t\t<\/div>\n\t\t\t\t\t<\/div>\n\t\t<\/div>\n\t\t\t\t<div class=\"elementor-column elementor-col-50 elementor-top-column elementor-element elementor-element-100ec9b3\" data-id=\"100ec9b3\" data-element_type=\"column\" data-e-type=\"column\">\n\t\t\t<div class=\"elementor-widget-wrap elementor-element-populated\">\n\t\t\t\t\t\t<div class=\"elementor-element elementor-element-2b70dab elementor-widget elementor-widget-heading\" data-id=\"2b70dab\" data-element_type=\"widget\" data-e-type=\"widget\" data-settings=\"{&quot;ekit_we_effect_on&quot;:&quot;none&quot;}\" data-widget_type=\"heading.default\">\n\t\t\t\t<div class=\"elementor-widget-container\">\n\t\t\t\t\t<h1 class=\"elementor-heading-title elementor-size-default\">ARTICLES<\/h1>\t\t\t\t<\/div>\n\t\t\t\t<\/div>\n\t\t\t\t\t<\/div>\n\t\t<\/div>\n\t\t\t\t\t<\/div>\n\t\t<\/section>\n\t\t\t\t<section class=\"elementor-section elementor-top-section elementor-element elementor-element-18bcd5c7 elementor-section-boxed elementor-section-height-default elementor-section-height-default\" data-id=\"18bcd5c7\" data-element_type=\"section\" data-e-type=\"section\" data-settings=\"{&quot;background_background&quot;:&quot;classic&quot;,&quot;jet_parallax_layout_list&quot;:[],&quot;ekit_has_onepagescroll_dot&quot;:&quot;yes&quot;}\">\n\t\t\t\t\t\t\t<div class=\"elementor-background-overlay\"><\/div>\n\t\t\t\t\t\t\t<div class=\"elementor-container elementor-column-gap-default\">\n\t\t\t\t\t<div class=\"elementor-column elementor-col-100 elementor-top-column elementor-element elementor-element-3739570e\" data-id=\"3739570e\" data-element_type=\"column\" data-e-type=\"column\">\n\t\t\t<div class=\"elementor-widget-wrap elementor-element-populated\">\n\t\t\t\t\t\t<section class=\"elementor-section elementor-inner-section elementor-element elementor-element-1043e9db elementor-section-boxed elementor-section-height-default elementor-section-height-default\" data-id=\"1043e9db\" data-element_type=\"section\" data-e-type=\"section\" data-settings=\"{&quot;jet_parallax_layout_list&quot;:[],&quot;ekit_has_onepagescroll_dot&quot;:&quot;yes&quot;}\">\n\t\t\t\t\t\t<div class=\"elementor-container elementor-column-gap-default\">\n\t\t\t\t\t<div class=\"elementor-column elementor-col-100 elementor-inner-column elementor-element elementor-element-1c492004\" data-id=\"1c492004\" data-element_type=\"column\" data-e-type=\"column\">\n\t\t\t<div class=\"elementor-widget-wrap elementor-element-populated\">\n\t\t\t\t\t\t<div class=\"elementor-element elementor-element-d1fdd0e animated-slow elementor-invisible elementor-widget elementor-widget-heading\" data-id=\"d1fdd0e\" data-element_type=\"widget\" data-e-type=\"widget\" data-settings=\"{&quot;_animation&quot;:&quot;fadeInDown&quot;,&quot;ekit_we_effect_on&quot;:&quot;none&quot;}\" data-widget_type=\"heading.default\">\n\t\t\t\t<div class=\"elementor-widget-container\">\n\t\t\t\t\t<h2 class=\"elementor-heading-title elementor-size-default\">BLOG<\/h2>\t\t\t\t<\/div>\n\t\t\t\t<\/div>\n\t\t\t\t<div class=\"elementor-element elementor-element-2369f45f elementor-widget elementor-widget-elementskit-heading\" data-id=\"2369f45f\" data-element_type=\"widget\" data-e-type=\"widget\" data-settings=\"{&quot;ekit_we_effect_on&quot;:&quot;none&quot;}\" data-widget_type=\"elementskit-heading.default\">\n\t\t\t\t<div class=\"elementor-widget-container\">\n\t\t\t\t\t<div class=\"ekit-wid-con\" ><div class=\"ekit-heading elementskit-section-title-wraper text_center   ekit_heading_tablet-   ekit_heading_mobile-\"><h3 class=\"ekit-heading--title elementskit-section-title translation-block\"><span><span>WEB DESIGN<\/span><\/span> NEWS<\/h3><\/div><\/div>\t\t\t\t<\/div>\n\t\t\t\t<\/div>\n\t\t\t\t\t<\/div>\n\t\t<\/div>\n\t\t\t\t\t<\/div>\n\t\t<\/section>\n\t\t\t\t<section class=\"elementor-section elementor-inner-section elementor-element elementor-element-14946bab elementor-section-boxed elementor-section-height-default elementor-section-height-default\" data-id=\"14946bab\" data-element_type=\"section\" data-e-type=\"section\" data-settings=\"{&quot;jet_parallax_layout_list&quot;:[],&quot;ekit_has_onepagescroll_dot&quot;:&quot;yes&quot;}\">\n\t\t\t\t\t\t<div class=\"elementor-container elementor-column-gap-default\">\n\t\t\t\t\t<div class=\"elementor-column elementor-col-100 elementor-inner-column elementor-element elementor-element-69d751f3\" data-id=\"69d751f3\" data-element_type=\"column\" data-e-type=\"column\">\n\t\t\t<div class=\"elementor-widget-wrap elementor-element-populated\">\n\t\t\t\t\t\t<div class=\"elementor-element elementor-element-53ebdce0 pp-equal-height-yes elementor-grid-3 elementor-grid-tablet-2 elementor-grid-mobile-1 pp-post-content-align-left elementor-widget elementor-widget-pp-posts\" data-id=\"53ebdce0\" data-element_type=\"widget\" data-e-type=\"widget\" data-settings=\"{&quot;ekit_we_effect_on&quot;:&quot;none&quot;}\" data-widget_type=\"pp-posts.creative\">\n\t\t\t\t<div class=\"elementor-widget-container\">\n\t\t\t\t\t\t\t<div class=\"pp-posts-container\">\n\t\t\t\n\t\t\t\t\t\t\t\t\t\t\n\t\t\t<div class=\"pp-posts pp-posts-skin-creative elementor-grid pp-posts-grid\" data-query-type=\"custom\" data-layout=\"grid\" data-page=\"195\" data-skin=\"creative\">\n\t\t\t\t\t\t\t\t\t\t\t<div class=\"pp-post-wrap pp-grid-item-wrap elementor-grid-item post-2503 post type-post status-publish format-standard has-post-thumbnail hentry category-articole-web-design tag-responsive tag-web-design tag-web-development tag-wordpress\">\n\t\t\t\t\t\t<div class=\"pp-post pp-grid-item\">\n\t\t\t\t\t\t<div class=\"pp-post-thumbnail\">\n\t\t\t<a class=\"pp-post-thumbnail-wrap\" href=\"https:\/\/cattanweb.ro\/en\/the-importance-of-live-chatbot\/\" title=\"The importance of integrating a live chat on the site\">\n\t\t\t\t<img fetchpriority=\"high\" decoding=\"async\" width=\"2000\" height=\"1125\" src=\"https:\/\/cattanweb.ro\/wp-content\/uploads\/2021\/12\/chat-online.jpg\" class=\"attachment-full size-full wp-image-2508\" alt=\"Chat online\" srcset=\"https:\/\/cattanweb.ro\/wp-content\/uploads\/2021\/12\/chat-online.jpg 2000w, https:\/\/cattanweb.ro\/wp-content\/uploads\/2021\/12\/chat-online-300x169.jpg 300w, https:\/\/cattanweb.ro\/wp-content\/uploads\/2021\/12\/chat-online-1024x576.jpg 1024w, https:\/\/cattanweb.ro\/wp-content\/uploads\/2021\/12\/chat-online-768x432.jpg 768w, https:\/\/cattanweb.ro\/wp-content\/uploads\/2021\/12\/chat-online-1536x864.jpg 1536w, https:\/\/cattanweb.ro\/wp-content\/uploads\/2021\/12\/chat-online-18x10.jpg 18w\" sizes=\"(max-width: 2000px) 100vw, 2000px\" \/>\t\t\t<\/a>\n\t\t<\/div>\n\t\t\n\t\t\t\t<div class=\"pp-post-content-wrap\">\n\t\t\t\t\t<div class=\"pp-post-content\">\n\t\t\t\t\t\t\t\t\t\t\t\t<h2 class=\"pp-post-title\">\n\t\t\t\t<a href=\"https:\/\/cattanweb.ro\/en\/the-importance-of-live-chatbot\/\">The importance of integrating a live chat on the site<\/a>\t\t\t<\/h2>\n\t\t\t\t\t\t\t<div class=\"pp-post-excerpt\">\n\t\t\t<p>Chat-ul live este cea mai eficient\u0103 cale de a oferi r\u0103spunsuri clien\u021bilor \u00een timp real, de ...<\/p>\n\t\t<\/div>\n\t\t\t\t\t\t\t\t\t<\/div>\n\t\t\t\t\t\n\t\t\t\t\t\t\t\t\t\t\t<div class=\"pp-post-authorbox\">\n\t\t\t\t\t\t\t\t\t\t\t\t\t\t\t<div class=\"pp-post-avtar\">\n\t\t\t\t\t\t\t\t\t<img alt='' src='https:\/\/secure.gravatar.com\/avatar\/f40f91bdc37b68c05577f7a383322a18fff7c4056d48f57fa819198599eb55f2?s=50&#038;d=mm&#038;r=g' srcset='https:\/\/secure.gravatar.com\/avatar\/f40f91bdc37b68c05577f7a383322a18fff7c4056d48f57fa819198599eb55f2?s=100&#038;d=mm&#038;r=g 2x' class='avatar avatar-50 photo' height='50' width='50' \/>\t\t\t\t\t\t\t\t<\/div>\n\t\t\t\t\t\t\t\t\t\t\t\t\t\t\t\t\t\t\t\t\t\t<div class=\"pp-post-authorbox-content\">\n\t\t\t\t\t\t\t\t\t<div class=\"pp-post-authorbox-name\">\n\t\t\t\t\t\t\t\t\t\t<a href=\"https:\/\/cattanweb.ro\/en\/author\/6dc4ee71b47b9d69\/\" title=\"Posts by CATTANweb\" rel=\"author\">CATTANweb<\/a>\t\t\t\t\t\t\t\t\t<\/div>\n\t\t\t\t\t\t\t\t<\/div>\n\t\t\t\t\t\t\t\t\t\t\t\t\t<\/div>\n\t\t\t\t\t\t\t\t\t<\/div>\n\t\t\t<\/div>\n\t\t\t\t\t<\/div>\n\t\t\t\t<div class=\"pp-post-wrap pp-grid-item-wrap elementor-grid-item post-2051 post type-post status-publish format-standard has-post-thumbnail hentry category-articole-web-design tag-responsive tag-web-design tag-web-development tag-wordpress\">\n\t\t\t\t\t\t<div class=\"pp-post pp-grid-item\">\n\t\t\t\t\t\t<div class=\"pp-post-thumbnail\">\n\t\t\t<a class=\"pp-post-thumbnail-wrap\" href=\"https:\/\/cattanweb.ro\/en\/6-most-important-resons-to-use-wordpress-in-2022\/\" title=\"6 Top Reasons to Use WordPress in 2022\">\n\t\t\t\t<img decoding=\"async\" width=\"2560\" height=\"1920\" src=\"https:\/\/cattanweb.ro\/wp-content\/uploads\/2021\/12\/6-cele-mai-importante-motive-pentru-a-utiliza-wordpress-in-2022-mfrh-original.jpg\" class=\"attachment-full size-full wp-image-2056\" alt=\"6 Top Reasons to Use WordPress in 2022\" srcset=\"https:\/\/cattanweb.ro\/wp-content\/uploads\/2021\/12\/6-cele-mai-importante-motive-pentru-a-utiliza-wordpress-in-2022-mfrh-original.jpg 2560w, https:\/\/cattanweb.ro\/wp-content\/uploads\/2021\/12\/6-cele-mai-importante-motive-pentru-a-utiliza-wordpress-in-2022-300x225.jpg 300w, https:\/\/cattanweb.ro\/wp-content\/uploads\/2021\/12\/6-cele-mai-importante-motive-pentru-a-utiliza-wordpress-in-2022-1024x768.jpg 1024w, https:\/\/cattanweb.ro\/wp-content\/uploads\/2021\/12\/6-cele-mai-importante-motive-pentru-a-utiliza-wordpress-in-2022-768x576.jpg 768w, https:\/\/cattanweb.ro\/wp-content\/uploads\/2021\/12\/6-cele-mai-importante-motive-pentru-a-utiliza-wordpress-in-2022-1536x1152.jpg 1536w, https:\/\/cattanweb.ro\/wp-content\/uploads\/2021\/12\/6-cele-mai-importante-motive-pentru-a-utiliza-wordpress-in-2022-2048x1536.jpg 2048w\" sizes=\"(max-width: 2560px) 100vw, 2560px\" \/>\t\t\t<\/a>\n\t\t<\/div>\n\t\t\n\t\t\t\t<div class=\"pp-post-content-wrap\">\n\t\t\t\t\t<div class=\"pp-post-content\">\n\t\t\t\t\t\t\t\t\t\t\t\t<h2 class=\"pp-post-title\">\n\t\t\t\t<a href=\"https:\/\/cattanweb.ro\/en\/6-most-important-resons-to-use-wordpress-in-2022\/\">6 Top Reasons to Use WordPress in 2022<\/a>\t\t\t<\/h2>\n\t\t\t\t\t\t\t<div class=\"pp-post-excerpt\">\n\t\t\t<p>C\u00e2teva dintre \u00eentreb\u0103rile pe care ni le punem adesea sunt: De ce ar trebui s\u0103 folosesc ...<\/p>\n\t\t<\/div>\n\t\t\t\t\t\t\t\t\t<\/div>\n\t\t\t\t\t\n\t\t\t\t\t\t\t\t\t\t\t<div class=\"pp-post-authorbox\">\n\t\t\t\t\t\t\t\t\t\t\t\t\t\t\t<div class=\"pp-post-avtar\">\n\t\t\t\t\t\t\t\t\t<img alt='' src='https:\/\/secure.gravatar.com\/avatar\/f40f91bdc37b68c05577f7a383322a18fff7c4056d48f57fa819198599eb55f2?s=50&#038;d=mm&#038;r=g' srcset='https:\/\/secure.gravatar.com\/avatar\/f40f91bdc37b68c05577f7a383322a18fff7c4056d48f57fa819198599eb55f2?s=100&#038;d=mm&#038;r=g 2x' class='avatar avatar-50 photo' height='50' width='50' \/>\t\t\t\t\t\t\t\t<\/div>\n\t\t\t\t\t\t\t\t\t\t\t\t\t\t\t\t\t\t\t\t\t\t<div class=\"pp-post-authorbox-content\">\n\t\t\t\t\t\t\t\t\t<div class=\"pp-post-authorbox-name\">\n\t\t\t\t\t\t\t\t\t\t<a href=\"https:\/\/cattanweb.ro\/en\/author\/6dc4ee71b47b9d69\/\" title=\"Posts by CATTANweb\" rel=\"author\">CATTANweb<\/a>\t\t\t\t\t\t\t\t\t<\/div>\n\t\t\t\t\t\t\t\t<\/div>\n\t\t\t\t\t\t\t\t\t\t\t\t\t<\/div>\n\t\t\t\t\t\t\t\t\t<\/div>\n\t\t\t<\/div>\n\t\t\t\t\t<\/div>\n\t\t\t\t<div class=\"pp-post-wrap pp-grid-item-wrap elementor-grid-item post-1919 post type-post status-publish format-standard has-post-thumbnail hentry category-articole-web-design tag-responsive tag-web-design tag-web-development tag-wordpress\">\n\t\t\t\t\t\t<div class=\"pp-post pp-grid-item\">\n\t\t\t\t\t\t<div class=\"pp-post-thumbnail\">\n\t\t\t<a class=\"pp-post-thumbnail-wrap\" href=\"https:\/\/cattanweb.ro\/en\/the-importance-of-having-a-mobile-friendly-website\/\" title=\"How important is a mobile-friendly website?\">\n\t\t\t\t<img decoding=\"async\" width=\"1032\" height=\"688\" src=\"https:\/\/cattanweb.ro\/wp-content\/uploads\/2021\/12\/cat-de-important-este-sa-avem-un-site-web-prietenos-cu-dispozitivele-mobile.jpg\" class=\"attachment-full size-full wp-image-1982\" alt=\"How important is a mobile-friendly website?\" srcset=\"https:\/\/cattanweb.ro\/wp-content\/uploads\/2021\/12\/cat-de-important-este-sa-avem-un-site-web-prietenos-cu-dispozitivele-mobile.jpg 1032w, https:\/\/cattanweb.ro\/wp-content\/uploads\/2021\/12\/cat-de-important-este-sa-avem-un-site-web-prietenos-cu-dispozitivele-mobile-300x200.jpg 300w, https:\/\/cattanweb.ro\/wp-content\/uploads\/2021\/12\/cat-de-important-este-sa-avem-un-site-web-prietenos-cu-dispozitivele-mobile-1024x683.jpg 1024w, https:\/\/cattanweb.ro\/wp-content\/uploads\/2021\/12\/cat-de-important-este-sa-avem-un-site-web-prietenos-cu-dispozitivele-mobile-768x512.jpg 768w\" sizes=\"(max-width: 1032px) 100vw, 1032px\" \/>\t\t\t<\/a>\n\t\t<\/div>\n\t\t\n\t\t\t\t<div class=\"pp-post-content-wrap\">\n\t\t\t\t\t<div class=\"pp-post-content\">\n\t\t\t\t\t\t\t\t\t\t\t\t<h2 class=\"pp-post-title\">\n\t\t\t\t<a href=\"https:\/\/cattanweb.ro\/en\/the-importance-of-having-a-mobile-friendly-website\/\">How important is a mobile-friendly website?<\/a>\t\t\t<\/h2>\n\t\t\t\t\t\t\t<div class=\"pp-post-excerpt\">\n\t\t\t<p>Un site web prietenos cu dispozitivele mobile este unul care se afi\u0219eaz\u0103 corect pe dispozitive mobile ...<\/p>\n\t\t<\/div>\n\t\t\t\t\t\t\t\t\t<\/div>\n\t\t\t\t\t\n\t\t\t\t\t\t\t\t\t\t\t<div class=\"pp-post-authorbox\">\n\t\t\t\t\t\t\t\t\t\t\t\t\t\t\t<div class=\"pp-post-avtar\">\n\t\t\t\t\t\t\t\t\t<img alt='' src='https:\/\/secure.gravatar.com\/avatar\/f40f91bdc37b68c05577f7a383322a18fff7c4056d48f57fa819198599eb55f2?s=50&#038;d=mm&#038;r=g' srcset='https:\/\/secure.gravatar.com\/avatar\/f40f91bdc37b68c05577f7a383322a18fff7c4056d48f57fa819198599eb55f2?s=100&#038;d=mm&#038;r=g 2x' class='avatar avatar-50 photo' height='50' width='50' \/>\t\t\t\t\t\t\t\t<\/div>\n\t\t\t\t\t\t\t\t\t\t\t\t\t\t\t\t\t\t\t\t\t\t<div class=\"pp-post-authorbox-content\">\n\t\t\t\t\t\t\t\t\t<div class=\"pp-post-authorbox-name\">\n\t\t\t\t\t\t\t\t\t\t<a href=\"https:\/\/cattanweb.ro\/en\/author\/6dc4ee71b47b9d69\/\" title=\"Posts by CATTANweb\" rel=\"author\">CATTANweb<\/a>\t\t\t\t\t\t\t\t\t<\/div>\n\t\t\t\t\t\t\t\t<\/div>\n\t\t\t\t\t\t\t\t\t\t\t\t\t<\/div>\n\t\t\t\t\t\t\t\t\t<\/div>\n\t\t\t<\/div>\n\t\t\t\t\t<\/div>\n\t\t\t\t\t\t\t\t\t<\/div>\n\t\t\t\n\t\t\t\n\t\t\t\n\t\t\t\n\t\t\t\t\t\t\t\t\t\t\t<div class=\"pp-posts-pagination-wrap pp-posts-pagination-bottom\">\n\t\t\t\t\t\t\t\t\t<\/div>\n\t\t\t\t\t\t\t\t\t<\/div>\n\n\t\t\n\t\t\t\t\t\t<\/div>\n\t\t\t\t<\/div>\n\t\t\t\t\t<\/div>\n\t\t<\/div>\n\t\t\t\t\t<\/div>\n\t\t<\/section>\n\t\t\t\t\t<\/div>\n\t\t<\/div>\n\t\t\t\t\t<\/div>\n\t\t<\/section>\n\t\t\t\t<\/div>","protected":false},"excerpt":{"rendered":"<p>ARTICOLE BLOG NOUT\u0102\u021aI WEB DESIGN Importan\u021ba integr\u0103rii unui chat live pe site Chat-ul live este cea mai eficient\u0103 cale de a oferi r\u0103spunsuri clien\u021bilor \u00een timp real, de a rezolva probleme \u0219i a ajuta rapid \u00een procesul de v\u00e2nzare ori informare. Acest serviciu de comunicare \u0219i consiliere a clien\u021bilor este esen\u021bial pentru \u00eembun\u0103t\u0103\u021birea performan\u021belor de [&hellip;]<\/p>\n","protected":false},"author":1,"featured_media":2042,"parent":0,"menu_order":0,"comment_status":"closed","ping_status":"closed","template":"elementor_header_footer","meta":{"_seopress_robots_primary_cat":"","_seopress_titles_title":"Articole Cattanweb.ro - nout\u0103\u021bi web design, social media, seo, marketing","_seopress_titles_desc":"Fii mereu la curent cu nout\u0103\u021bile din web design, mentenan\u021b\u0103 \u0219i administrare website, magazin online, blog, de social media, email marketing, seo on-site, promovare online.","_seopress_robots_index":"","footnotes":""},"class_list":["post-195","page","type-page","status-publish","has-post-thumbnail","hentry"],"_links":{"self":[{"href":"https:\/\/cattanweb.ro\/en\/wp-json\/wp\/v2\/pages\/195","targetHints":{"allow":["GET"]}}],"collection":[{"href":"https:\/\/cattanweb.ro\/en\/wp-json\/wp\/v2\/pages"}],"about":[{"href":"https:\/\/cattanweb.ro\/en\/wp-json\/wp\/v2\/types\/page"}],"author":[{"embeddable":true,"href":"https:\/\/cattanweb.ro\/en\/wp-json\/wp\/v2\/users\/1"}],"replies":[{"embeddable":true,"href":"https:\/\/cattanweb.ro\/en\/wp-json\/wp\/v2\/comments?post=195"}],"version-history":[{"count":0,"href":"https:\/\/cattanweb.ro\/en\/wp-json\/wp\/v2\/pages\/195\/revisions"}],"wp:featuredmedia":[{"embeddable":true,"href":"https:\/\/cattanweb.ro\/en\/wp-json\/wp\/v2\/media\/2042"}],"wp:attachment":[{"href":"https:\/\/cattanweb.ro\/en\/wp-json\/wp\/v2\/media?parent=195"}],"curies":[{"name":"wp","href":"https:\/\/api.w.org\/{rel}","templated":true}]}}